{"id":154,"date":"2022-02-03T18:37:04","date_gmt":"2022-02-03T16:37:04","guid":{"rendered":"https:\/\/www.turkuastro.fi\/?page_id=154"},"modified":"2023-07-04T20:26:47","modified_gmt":"2023-07-04T17:26:47","slug":"tietosuojaseloste","status":"publish","type":"page","link":"https:\/\/www.turkuastro.fi\/index.php\/tietosuojaseloste\/","title":{"rendered":"Tietosuojaseloste"},"content":{"rendered":"\t\t<div data-elementor-type=\"wp-page\" data-elementor-id=\"154\" class=\"elementor elementor-154\">\n\t\t\t\t\t\t<section class=\"elementor-section elementor-top-section elementor-element elementor-element-4b0448a elementor-section-boxed elementor-section-height-default elementor-section-height-default wpr-particle-no wpr-jarallax-no wpr-parallax-no wpr-sticky-section-no\" data-id=\"4b0448a\" data-element_type=\"section\" data-e-type=\"section\">\n\t\t\t\t\t\t<div class=\"elementor-container elementor-column-gap-default\">\n\t\t\t\t\t<div class=\"elementor-column elementor-col-100 elementor-top-column elementor-element elementor-element-df68f9e\" data-id=\"df68f9e\" data-element_type=\"column\" data-e-type=\"column\">\n\t\t\t<div class=\"elementor-widget-wrap elementor-element-populated\">\n\t\t\t\t\t\t<div class=\"elementor-element elementor-element-241073bd elementor-widget elementor-widget-text-editor\" data-id=\"241073bd\" data-element_type=\"widget\" data-e-type=\"widget\" data-widget_type=\"text-editor.default\">\n\t\t\t\t<div class=\"elementor-widget-container\">\n\t\t\t\t\t\t\t\t\t<p><\/p>\n<h6><strong>Toiminnan tarkoitus<\/strong><\/h6>\n<h6><\/h6>\n<h6><strong>Rekisteriseloste<\/strong><\/h6>\n<h6><\/h6>\n<h6><strong>Turun Seudun Astrologinen Seuran ry:n henkil\u00f6tietorekisterist\u00e4<\/strong><\/h6>\n<h6><\/h6>\n<h6>Laadittu: 18.1.2022, muokattu: 4.7.2023.<\/h6>\n<h6><\/h6>\n<h6><strong>Rekisterinpit\u00e4j\u00e4<\/strong><\/h6>\n<h6><\/h6>\n<h6>Turun Seudun Astrologinen Seura ry<\/h6>\n<h6><\/h6>\n<h6><strong>Puheenjohtaja<\/strong><\/h6>\n<h6><\/h6>\n<h6>Sanna Saarikoski, <a href=\"mailto:info@turkuastro.fi\">info@turkuastro.fi<\/a><\/h6>\n<h6><\/h6>\n<h6><strong>Rekisteriasioista vastaava henkil\u00f6<\/strong><\/h6>\n<h6><\/h6>\n<h6>Pirjo Kahlos, info@turkuastro.fi<\/h6>\n<h6><\/h6>\n<h6><strong>Lis\u00e4tiedot ja oikaisupyynn\u00f6t<\/strong><\/h6>\n<h6><\/h6>\n<h6>info@turkuastro.fi<\/h6>\n<h6><\/h6>\n<h6><strong>Rekisterinpit\u00e4j\u00e4n toimiala<\/strong><\/h6>\n<h6><\/h6>\n<h6>Aatteellinen yhdistys, Y-tunnus 2307448-3<\/h6>\n<p><\/p>\n<p><a>Turun Seudun Astrologinen Seura ry<\/a>:n tarkoituksena on edist\u00e4\u00e4 ja kehitt\u00e4\u00e4 astrologian ja henkisen kasvun harrastusta ja laajentaa niiden tuntemusta Lounais-Suomessa. Toimintaansa varten yhdistys ker\u00e4\u00e4 j\u00e4senist\u00e4\u00e4n henkil\u00f6tietoja. Yhdistys on tehnyt yhdistyslain ja yhdistysrekisteriasetuksen mukaisen ilmoituksen toiminnastaan.<\/p>\n<p><\/p>\n<p><strong>Toiminnassa k\u00e4ytett\u00e4v\u00e4 rekisteri<\/strong><\/p>\n<p><\/p>\n<p>Turun Seudun Astrologinen Seura ry j\u00e4senrekisteri.<\/p>\n<p><\/p>\n<p><strong>Henkil\u00f6tietojen k\u00e4sittelyn tarkoitus<\/strong><\/p>\n<p><\/p>\n<p>Rekisteri koostuu Turun Seudun Astrologinen Seura ry:n j\u00e4seneksi liittymisen yhteydess\u00e4 annetuista henkil\u00f6tiedoista. Henkil\u00f6tietoja k\u00e4ytet\u00e4\u00e4n j\u00e4senyyden tunnistamiseen, toiminnan kehitt\u00e4miseen, yhteydenpitoon ja tiedon v\u00e4litt\u00e4miseen seuran ja j\u00e4senten v\u00e4lill\u00e4 ja j\u00e4sen- ja kurssimaksutietojen hallintaan ja yll\u00e4pitoon.<\/p>\n<p><\/p>\n<p><strong>Kuvaus rekisteriin ker\u00e4tt\u00e4vist\u00e4 tiedoista<\/strong><\/p>\n<p><\/p>\n<p>Rekisteriin tallennetaan seuraavat henkil\u00f6n antamat tiedot: etunimi, sukunimi, s\u00e4hk\u00f6postiosoite, puhelinnumero ja kotipaikka. Lis\u00e4ksi rekisteriss\u00e4 on tai sinne syntyy j\u00e4senkohtaisesti seuraavat tiedot: rooli yhdistyksess\u00e4 ja j\u00e4senmaksutieto.<\/p>\n<p><\/p>\n<p><strong>Tietojen luovutus<\/strong><\/p>\n<p><\/p>\n<p>Turun Seudun Astrologinen Seura ry ei luovuta henkil\u00f6tietoja kolmansille osapuolille.<\/p>\n<p><\/p>\n<p><strong>Kuvaus rekisterin suojauksen periaatteista<\/strong><\/p>\n<p><\/p>\n<p>Turun Seudun Astrologinen Seura ry j\u00e4sentiedot talletetaan taulukkolaskentaohjelmalla yll\u00e4pidett\u00e4v\u00e4\u00e4n j\u00e4senrekisteriin. J\u00e4senrekisteri s\u00e4ilytet\u00e4\u00e4n rekisteriasioista vastaavan henkil\u00f6n ja puheenjohtajan tietokoneilla ja ulkoisella tallennuslaitteella.<\/p>\n<p><\/p>\n<p><strong>K\u00e4yt\u00f6n valvonta<\/strong><\/p>\n<p><\/p>\n<p>P\u00e4\u00e4sy henkil\u00f6tietoihin on Turun Seudun Astrologinen Seura ry:n hallituksen nime\u00e4mill\u00e4 toimihenkil\u00f6ill\u00e4. K\u00e4ytt\u00f6oikeus rekisteriin on henkil\u00f6kohtainen ja toimihenkil\u00f6n oikeus j\u00e4senrekisterin tietojen k\u00e4sittelyyn tarkistetaan aina kun hallituksissa henkil\u00f6t tai henkil\u00f6iden teht\u00e4v\u00e4t vaihtuvat.<\/p>\n<p><\/p>\n<p><strong>Rekister\u00f6idyn oikeudet<\/strong><\/p>\n<p><\/p>\n<p>Turun Seudun Astrologinen Seura ry:n j\u00e4sen voi tiedustella rekisteriss\u00e4 olevia tietoja ja oikaista tai t\u00e4ydent\u00e4\u00e4 virheellisen tai vanhentuneen tiedon s\u00e4hk\u00f6postilla <a href=\"mailto:jasenasiat@turkuastro.fi\">info@turkuastro.fi<\/a>. Kun j\u00e4sen haluaa erota Turun Seudun Astrologinen Seura ry:st\u00e4, voi h\u00e4n l\u00e4hett\u00e4\u00e4 eropyynn\u00f6n s\u00e4hk\u00f6postilla osoitteeseen <a href=\"mailto:jasenasiat@turkuastro.fi\">info@turkuastro.fi<\/a>, ja j\u00e4senen tiedot poistetaan rekisterist\u00e4 pysyv\u00e4sti<\/p>\n<p><\/p>\t\t\t\t\t\t\t\t<\/div>\n\t\t\t\t<\/div>\n\t\t\t\t\t<\/div>\n\t\t<\/div>\n\t\t\t\t\t<\/div>\n\t\t<\/section>\n\t\t\t\t<\/div>\n\t\t","protected":false},"excerpt":{"rendered":"<p>Toiminnan tarkoitus Rekisteriseloste Turun Seudun Astrologinen Seuran ry:n henkil\u00f6tietorekisterist\u00e4 Laadittu: 18.1.2022, muokattu: 4.7.2023. Rekisterinpit\u00e4j\u00e4 Turun Seudun Astrologinen Seura ry Puheenjohtaja Sanna Saarikoski, info@turkuastro.fi Rekisteriasioista vastaava henkil\u00f6 Pirjo Kahlos, info@turkuastro.fi Lis\u00e4tiedot ja oikaisupyynn\u00f6t info@turkuastro.fi Rekisterinpit\u00e4j\u00e4n toimiala Aatteellinen yhdistys, Y-tunnus 2307448-3 Turun Seudun Astrologinen Seura ry:n tarkoituksena on edist\u00e4\u00e4 ja kehitt\u00e4\u00e4 astrologian ja henkisen kasvun harrastusta ja laajentaa niiden tuntemusta Lounais-Suomessa. Toimintaansa varten yhdistys ker\u00e4\u00e4 j\u00e4senist\u00e4\u00e4n henkil\u00f6tietoja. Yhdistys on tehnyt yhdistyslain ja yhdistysrekisteriasetuksen mukaisen ilmoituksen toiminnastaan. Toiminnassa k\u00e4ytett\u00e4v\u00e4 rekisteri Turun Seudun Astrologinen Seura ry j\u00e4senrekisteri. Henkil\u00f6tietojen k\u00e4sittelyn tarkoitus Rekisteri koostuu Turun Seudun Astrologinen Seura ry:n j\u00e4seneksi liittymisen yhteydess\u00e4 annetuista henkil\u00f6tiedoista. Henkil\u00f6tietoja k\u00e4ytet\u00e4\u00e4n j\u00e4senyyden tunnistamiseen, toiminnan kehitt\u00e4miseen, yhteydenpitoon ja tiedon v\u00e4litt\u00e4miseen seuran ja j\u00e4senten v\u00e4lill\u00e4 ja j\u00e4sen- ja kurssimaksutietojen hallintaan ja yll\u00e4pitoon. Kuvaus rekisteriin ker\u00e4tt\u00e4vist\u00e4 tiedoista Rekisteriin tallennetaan seuraavat henkil\u00f6n antamat tiedot: etunimi, sukunimi, s\u00e4hk\u00f6postiosoite, puhelinnumero ja kotipaikka. Lis\u00e4ksi rekisteriss\u00e4 on tai sinne syntyy j\u00e4senkohtaisesti seuraavat tiedot: rooli yhdistyksess\u00e4 ja j\u00e4senmaksutieto. Tietojen luovutus Turun Seudun Astrologinen Seura ry ei luovuta henkil\u00f6tietoja kolmansille osapuolille. Kuvaus rekisterin suojauksen periaatteista Turun Seudun Astrologinen Seura ry j\u00e4sentiedot talletetaan taulukkolaskentaohjelmalla yll\u00e4pidett\u00e4v\u00e4\u00e4n j\u00e4senrekisteriin. J\u00e4senrekisteri s\u00e4ilytet\u00e4\u00e4n rekisteriasioista vastaavan henkil\u00f6n ja puheenjohtajan tietokoneilla ja ulkoisella tallennuslaitteella. K\u00e4yt\u00f6n valvonta P\u00e4\u00e4sy henkil\u00f6tietoihin on Turun Seudun Astrologinen Seura ry:n hallituksen nime\u00e4mill\u00e4 toimihenkil\u00f6ill\u00e4. K\u00e4ytt\u00f6oikeus rekisteriin on henkil\u00f6kohtainen ja toimihenkil\u00f6n oikeus j\u00e4senrekisterin tietojen k\u00e4sittelyyn tarkistetaan aina kun hallituksissa henkil\u00f6t tai henkil\u00f6iden teht\u00e4v\u00e4t vaihtuvat. Rekister\u00f6idyn oikeudet Turun Seudun Astrologinen Seura ry:n j\u00e4sen voi tiedustella rekisteriss\u00e4 olevia tietoja ja oikaista tai t\u00e4ydent\u00e4\u00e4 virheellisen tai vanhentuneen tiedon s\u00e4hk\u00f6postilla info@turkuastro.fi. Kun j\u00e4sen haluaa erota Turun Seudun Astrologinen Seura ry:st\u00e4, voi h\u00e4n l\u00e4hett\u00e4\u00e4 eropyynn\u00f6n s\u00e4hk\u00f6postilla osoitteeseen info@turkuastro.fi, ja j\u00e4senen tiedot poistetaan rekisterist\u00e4 pysyv\u00e4sti<\/p>\n","protected":false},"author":1,"featured_media":0,"parent":0,"menu_order":0,"comment_status":"closed","ping_status":"closed","template":"","meta":{"footnotes":""},"class_list":["post-154","page","type-page","status-publish","hentry"],"_links":{"self":[{"href":"https:\/\/www.turkuastro.fi\/index.php\/wp-json\/wp\/v2\/pages\/154","targetHints":{"allow":["GET"]}}],"collection":[{"href":"https:\/\/www.turkuastro.fi\/index.php\/wp-json\/wp\/v2\/pages"}],"about":[{"href":"https:\/\/www.turkuastro.fi\/index.php\/wp-json\/wp\/v2\/types\/page"}],"author":[{"embeddable":true,"href":"https:\/\/www.turkuastro.fi\/index.php\/wp-json\/wp\/v2\/users\/1"}],"replies":[{"embeddable":true,"href":"https:\/\/www.turkuastro.fi\/index.php\/wp-json\/wp\/v2\/comments?post=154"}],"version-history":[{"count":7,"href":"https:\/\/www.turkuastro.fi\/index.php\/wp-json\/wp\/v2\/pages\/154\/revisions"}],"predecessor-version":[{"id":596,"href":"https:\/\/www.turkuastro.fi\/index.php\/wp-json\/wp\/v2\/pages\/154\/revisions\/596"}],"wp:attachment":[{"href":"https:\/\/www.turkuastro.fi\/index.php\/wp-json\/wp\/v2\/media?parent=154"}],"curies":[{"name":"wp","href":"https:\/\/api.w.org\/{rel}","templated":true}]}}