{"id":44,"date":"2021-09-02T20:04:07","date_gmt":"2021-09-02T17:04:07","guid":{"rendered":"https:\/\/www.turkuastro.fi\/?page_id=44"},"modified":"2024-08-23T00:47:43","modified_gmt":"2024-08-22T21:47:43","slug":"tapahtumat","status":"publish","type":"page","link":"https:\/\/www.turkuastro.fi\/index.php\/tapahtumat\/","title":{"rendered":"Tapahtumat"},"content":{"rendered":"\t\t<div data-elementor-type=\"wp-page\" data-elementor-id=\"44\" class=\"elementor elementor-44\">\n\t\t\t\t\t\t<section class=\"elementor-section elementor-top-section elementor-element elementor-element-14d31d0e elementor-section-boxed elementor-section-height-default elementor-section-height-default wpr-particle-no wpr-jarallax-no wpr-parallax-no wpr-sticky-section-no\" data-id=\"14d31d0e\" data-element_type=\"section\" data-e-type=\"section\">\n\t\t\t\t\t\t<div class=\"elementor-container elementor-column-gap-default\">\n\t\t\t\t\t<div class=\"elementor-column elementor-col-100 elementor-top-column elementor-element elementor-element-2d2dfa1c\" data-id=\"2d2dfa1c\" data-element_type=\"column\" data-e-type=\"column\">\n\t\t\t<div class=\"elementor-widget-wrap elementor-element-populated\">\n\t\t\t\t\t\t<div class=\"elementor-element elementor-element-c64a15c elementor-widget elementor-widget-wp-widget-tribe-widget-events-list\" data-id=\"c64a15c\" data-element_type=\"widget\" data-e-type=\"widget\" data-widget_type=\"wp-widget-tribe-widget-events-list.default\">\n\t\t\t\t<div class=\"elementor-widget-container\">\n\t\t\t\t\t<div  class=\"tribe-compatibility-container\" >\n\t<div\n\t\t class=\"tribe-common tribe-events tribe-events-view tribe-events-view--widget-events-list tribe-events-widget\" \t\tdata-js=\"tribe-events-view\"\n\t\tdata-view-rest-url=\"https:\/\/www.turkuastro.fi\/index.php\/wp-json\/tribe\/views\/v2\/html\"\n\t\tdata-view-manage-url=\"1\"\n\t\t\t\t\t\t\tdata-view-breakpoint-pointer=\"d1e76991-2acb-4a1c-b242-448262d6aa2f\"\n\t\t\t>\n\t\t<div class=\"tribe-events-widget-events-list\">\n\n\t\t\t<script type=\"application\/ld+json\">\r\n[{\"@context\":\"http:\/\/schema.org\",\"@type\":\"Event\",\"name\":\"Markku Manninen: Yleis\\u00f6n karttojen tulkintaa vuosikymmenten kokemuksella\",\"description\":\"&lt;p&gt;Tervetuloa inspiroivalle astrologialuennolle, jossa teoria her\\u00e4\\u00e4 eloon k\\u00e4yt\\u00e4nn\\u00f6n esimerkkien kautta! Lauantaina 16.5.2026 klo 13\\u201315, Turku, \\u00a0Puutarhakatu 7 A, ovisummeri: Konep\\u00e4\\u00e4llyst\\u00f6n huoneisto. Pitk\\u00e4n linjan astrologi Markku Manninen tulkitsee yleisesti yleis\\u00f6n syntym\\u00e4ajankohdan vaikutusta\\u00a0ja havainnollistaa, miten astrologian periaatteet n\\u00e4kyv\\u00e4t konkreettisesti ihmisten el\\u00e4m\\u00e4ss\\u00e4. Vuosikymmenten kokemuksellaan Markku yhdist\\u00e4\\u00e4 sujuvasti astrologisen teoriatiedon k\\u00e4yt\\u00e4nn\\u00f6n tulkintaan \\u2013 ymm\\u00e4rrett\\u00e4v\\u00e4sti, oivaltavasti ja usein my\\u00f6s viihdytt\\u00e4v\\u00e4sti. Luento tarjoaa n\\u00e4k\\u00f6kulmia siihen, mit\\u00e4 syntym\\u00e4ajankohtasi ja vuodenaikasi voivat kertoa sinusta \\u2013 ja vaikka yst\\u00e4v\\u00e4st\\u00e4sikin. Tilaisuus toteutetaan ensisijaisesti liven\\u00e4, ja luennoitsija toivoo yleis\\u00f6\\u00e4 paikalle paikan p\\u00e4\\u00e4lle. Hinta ja maksu: Hinta j\\u00e4senelle 15 \\u20ac (luento + tallenteen yht. 18 \\u20ac ),ei j\\u00e4sen 20 \\u20ac ( luento + tallenne yht. 23 \\u20ac). Pelkk\\u00e4 tallenne j\\u00e4sen 20 \\u20ac ja ei j\\u00e4sen 25 \\u20ac. Maksu Turun Seudun Astrologinen Seura ryFI51 4309 0010 0431 80, viitenumero 2 02604, Paikan p\\u00e4\\u00e4ll\\u00e4kin voi maksaa, jos p\\u00e4\\u00e4t\\u00e4t saapua viime hetkell\\u00e4. L\\u00e4mpim\\u00e4sti tervetuloa mukaan!&lt;\/p&gt;\\\\n\",\"image\":\"https:\/\/www.turkuastro.fi\/wp-content\/uploads\/2026\/01\/manninen-3.jpg\",\"url\":\"https:\/\/www.turkuastro.fi\/index.php\/event\/markku-manninen-yleison-karttojen-tulkintaa-vuosikymmenten-kokemuksella\/\",\"eventAttendanceMode\":\"https:\/\/schema.org\/OfflineEventAttendanceMode\",\"eventStatus\":\"https:\/\/schema.org\/EventScheduled\",\"startDate\":\"2026-05-16T13:00:00+03:00\",\"endDate\":\"2026-05-16T15:00:00+03:00\",\"location\":{\"@type\":\"Place\",\"name\":\"Puutarhakatu 7 A\",\"description\":\"\",\"url\":\"\",\"address\":{\"@type\":\"PostalAddress\",\"streetAddress\":\"Puutarhakatu 7 a\",\"addressLocality\":\"Turku\",\"postalCode\":\"20100\",\"addressCountry\":\"Suomi\"},\"telephone\":\"\",\"sameAs\":\"\"},\"organizer\":{\"@type\":\"Person\",\"name\":\"Turun Astrologinen Seura\",\"description\":\"\",\"url\":\"\",\"telephone\":\"\",\"email\":\"\",\"sameAs\":\"\"},\"performer\":\"Organization\"}]\r\n<\/script>\n\t\t\t<script data-js=\"tribe-events-view-data\" type=\"application\/json\">\n\t{\"slug\":\"widget-events-list\",\"prev_url\":\"\",\"next_url\":\"\",\"view_class\":\"Tribe\\\\Events\\\\Views\\\\V2\\\\Views\\\\Widgets\\\\Widget_List_View\",\"view_slug\":\"widget-events-list\",\"view_label\":\"View\",\"view\":null,\"should_manage_url\":true,\"id\":null,\"alias-slugs\":null,\"title\":\"Tapahtumat alkaen 1 toukokuun 2026, \\u2013 16 toukokuun 2026,\",\"limit\":5,\"no_upcoming_events\":false,\"featured_events_only\":false,\"jsonld_enable\":true,\"tribe_is_list_widget\":true,\"admin_fields\":{\"title\":{\"label\":\"Otsikko:\",\"type\":\"text\",\"parent_classes\":\"\",\"classes\":\"\",\"dependency\":\"\",\"id\":\"widget-tribe-widget-events-list-REPLACE_TO_ID-title\",\"name\":\"widget-tribe-widget-events-list[REPLACE_TO_ID][title]\",\"options\":[],\"placeholder\":\"\",\"value\":null},\"limit\":{\"label\":\"N\\u00e4yt\\u00e4:\",\"type\":\"number\",\"default\":5,\"min\":1,\"max\":10,\"step\":1,\"parent_classes\":\"\",\"classes\":\"\",\"dependency\":\"\",\"id\":\"widget-tribe-widget-events-list-REPLACE_TO_ID-limit\",\"name\":\"widget-tribe-widget-events-list[REPLACE_TO_ID][limit]\",\"options\":[],\"placeholder\":\"\",\"value\":null},\"no_upcoming_events\":{\"label\":\"Piilota t\\u00e4m\\u00e4 vimpain jos ei ole tulevia tapahtumia.\",\"type\":\"checkbox\",\"parent_classes\":\"\",\"classes\":\"\",\"dependency\":\"\",\"id\":\"widget-tribe-widget-events-list-REPLACE_TO_ID-no_upcoming_events\",\"name\":\"widget-tribe-widget-events-list[REPLACE_TO_ID][no_upcoming_events]\",\"options\":[],\"placeholder\":\"\",\"value\":null},\"featured_events_only\":{\"label\":\"Rajoita vain kiinnitettyihin tapahtumiin\",\"type\":\"checkbox\",\"parent_classes\":\"\",\"classes\":\"\",\"dependency\":\"\",\"id\":\"widget-tribe-widget-events-list-REPLACE_TO_ID-featured_events_only\",\"name\":\"widget-tribe-widget-events-list[REPLACE_TO_ID][featured_events_only]\",\"options\":[],\"placeholder\":\"\",\"value\":null},\"jsonld_enable\":{\"label\":\"Generate JSON-LD data\",\"type\":\"checkbox\",\"parent_classes\":\"\",\"classes\":\"\",\"dependency\":\"\",\"id\":\"widget-tribe-widget-events-list-REPLACE_TO_ID-jsonld_enable\",\"name\":\"widget-tribe-widget-events-list[REPLACE_TO_ID][jsonld_enable]\",\"options\":[],\"placeholder\":\"\",\"value\":null}},\"events\":[2119],\"url\":\"https:\\\/\\\/www.turkuastro.fi\\\/?post_type=tribe_events&eventDisplay=widget-events-list\",\"url_event_date\":false,\"bar\":{\"keyword\":\"\",\"date\":\"\"},\"today\":\"2026-05-01 00:00:00\",\"now\":\"2026-05-01 03:15:08\",\"home_url\":\"https:\\\/\\\/www.turkuastro.fi\",\"rest_url\":\"https:\\\/\\\/www.turkuastro.fi\\\/index.php\\\/wp-json\\\/tribe\\\/views\\\/v2\\\/html\",\"rest_method\":\"GET\",\"rest_nonce\":\"\",\"today_url\":\"https:\\\/\\\/www.turkuastro.fi\\\/?post_type=tribe_events&eventDisplay=widget-events-list&rest_route=%2Fwp%2Fv2%2Fpages%2F44\",\"today_title\":\"Klikkaa valitaksesi t\\u00e4m\\u00e4 p\\u00e4iv\\u00e4\",\"today_label\":\"T\\u00e4n\\u00e4\\u00e4n\",\"prev_label\":\"\",\"next_label\":\"\",\"date_formats\":{\"compact\":\"d.m.Y\",\"month_and_year_compact\":\"m.Y\",\"month_and_year\":\"F Y\",\"time_range_separator\":\" - \",\"date_time_separator\":\"  klo \"},\"messages\":[],\"start_of_week\":\"1\",\"header_title\":\"\",\"header_title_element\":\"h1\",\"content_title\":\"\",\"show_content_title\":false,\"breadcrumbs\":[],\"backlink\":false,\"before_events\":\"\",\"after_events\":\"\\n<!--\\nThis calendar is powered by The Events Calendar.\\nhttp:\\\/\\\/evnt.is\\\/18wn\\n-->\\n\",\"display_events_bar\":false,\"disable_event_search\":false,\"live_refresh\":true,\"ical\":{\"display_link\":true,\"link\":{\"url\":\"https:\\\/\\\/www.turkuastro.fi\\\/?post_type=tribe_events&#038;eventDisplay=widget-events-list&#038;ical=1\",\"text\":\"Vie Tapahtumat\",\"title\":\"K\\u00e4yt\\u00e4 t\\u00e4t\\u00e4 jakaaksesi kalenterin tiedot Google-kalenterin, Apple iCal:in ja muiden yhteensopivien sovellusten kanssa\"}},\"container_classes\":[\"tribe-common\",\"tribe-events\",\"tribe-events-view\",\"tribe-events-view--widget-events-list\",\"tribe-events-widget\"],\"container_data\":[],\"is_past\":false,\"breakpoints\":{\"xsmall\":500,\"medium\":768,\"full\":960},\"breakpoint_pointer\":\"d1e76991-2acb-4a1c-b242-448262d6aa2f\",\"is_initial_load\":false,\"public_views\":{\"list\":{\"view_class\":\"Tribe\\\\Events\\\\Views\\\\V2\\\\Views\\\\List_View\",\"view_url\":\"https:\\\/\\\/www.turkuastro.fi\\\/events\\\/lista\\\/\",\"view_label\":\"Lista\",\"aria_label\":\"Display Tapahtumat in Lista View\"},\"month\":{\"view_class\":\"Tribe\\\\Events\\\\Views\\\\V2\\\\Views\\\\Month_View\",\"view_url\":\"https:\\\/\\\/www.turkuastro.fi\\\/events\\\/kuukausi\\\/\",\"view_label\":\"Kuukausi\",\"aria_label\":\"Display Tapahtumat in Kuukausi View\"},\"day\":{\"view_class\":\"Tribe\\\\Events\\\\Views\\\\V2\\\\Views\\\\Day_View\",\"view_url\":\"https:\\\/\\\/www.turkuastro.fi\\\/events\\\/tanaan\\\/\",\"view_label\":\"P\\u00e4iv\\u00e4\",\"aria_label\":\"Display Tapahtumat in P\\u00e4iv\\u00e4 View\"}},\"show_latest_past\":false,\"past\":false,\"compatibility_classes\":[\"tribe-compatibility-container\"],\"view_more_text\":\"N\\u00e4yt\\u00e4 kalenteri\",\"view_more_title\":\"N\\u00e4yt\\u00e4 enemm\\u00e4n tapahtumat.\",\"view_more_link\":\"https:\\\/\\\/www.turkuastro.fi\\\/events\\\/\",\"widget_title\":\"Tulevat tapahtumat\",\"hide_if_no_upcoming_events\":false,\"display\":[],\"subscribe_links\":{\"gcal\":{\"label\":\"Google-kalenteri\",\"single_label\":\"Lis\\u00e4\\u00e4 Google-kalenteriin\",\"visible\":true,\"block_slug\":\"hasGoogleCalendar\"},\"ical\":{\"label\":\"iCalendar\",\"single_label\":\"Lis\\u00e4\\u00e4 iCalendariin\",\"visible\":true,\"block_slug\":\"hasiCal\"},\"outlook-365\":{\"label\":\"Outlook 365\",\"single_label\":\"Outlook 365\",\"visible\":true,\"block_slug\":\"hasOutlook365\"},\"outlook-live\":{\"label\":\"Outlook Live\",\"single_label\":\"Outlook Live\",\"visible\":true,\"block_slug\":\"hasOutlookLive\"},\"ics\":{\"label\":\"Vie .ics-tiedostona\",\"single_label\":\"Vie .ics-tiedostona\",\"visible\":true,\"block_slug\":null},\"outlook-ics\":{\"label\":\"Vie Outlook .ics -tiedostoon\",\"single_label\":\"Vie Outlook .ics -tiedostoon\",\"visible\":true,\"block_slug\":null}},\"_context\":{\"slug\":\"widget-events-list\"}}<\/script>\n\n\t\t\t\t\t\t\t<header class=\"tribe-events-widget-events-list__header\">\n\t\t\t\t\t<h2 class=\"tribe-events-widget-events-list__header-title tribe-common-h6 tribe-common-h--alt\">\n\t\t\t\t\t\tTulevat tapahtumat\t\t\t\t\t<\/h2>\n\t\t\t\t<\/header>\n\t\t\t\n\t\t\t\n\t\t\t\t<div class=\"tribe-events-widget-events-list__events\">\n\t\t\t\t\t\t\t\t\t\t\t<div  class=\"tribe-common-g-row tribe-events-widget-events-list__event-row\" >\n\n\t<div class=\"tribe-events-widget-events-list__event-date-tag tribe-common-g-col\">\n\t<time class=\"tribe-events-widget-events-list__event-date-tag-datetime\" datetime=\"2026-05-16\">\n\t\t<span class=\"tribe-events-widget-events-list__event-date-tag-month\">\n\t\t\ttouko\t\t<\/span>\n\t\t<span class=\"tribe-events-widget-events-list__event-date-tag-daynum tribe-common-h2 tribe-common-h4--min-medium\">\n\t\t\t16\t\t<\/span>\n\t<\/time>\n<\/div>\n\n\t<div class=\"tribe-events-widget-events-list__event-wrapper tribe-common-g-col\">\n\t\t<article  class=\"tribe-events-widget-events-list__event post-2119 tribe_events type-tribe_events status-publish has-post-thumbnail hentry tag-astrologia tag-astrologia-luento tag-astrologia-turku tag-karttatulkinta tag-markku-mannin tag-syntymakartta tag-turku-astro tag-turun-seudun-astrologinen-seura\" >\n\t\t\t<div class=\"tribe-events-widget-events-list__event-details\">\n\n\t\t\t\t<header class=\"tribe-events-widget-events-list__event-header\">\n\t\t\t\t\t<div class=\"tribe-events-widget-events-list__event-datetime-wrapper tribe-common-b2 tribe-common-b3--min-medium\">\n\t\t<time class=\"tribe-events-widget-events-list__event-datetime\" datetime=\"2026-05-16\">\n\t\t<span class=\"tribe-event-date-start\">13:00<\/span> - <span class=\"tribe-event-time\">15:00<\/span>\t<\/time>\n\t<\/div>\n\t\t\t\t\t<h3 class=\"tribe-events-widget-events-list__event-title tribe-common-h7\">\n\t<a\n\t\thref=\"https:\/\/www.turkuastro.fi\/index.php\/event\/markku-manninen-yleison-karttojen-tulkintaa-vuosikymmenten-kokemuksella\/\"\n\t\ttitle=\"Markku Manninen: Yleis\u00f6n karttojen tulkintaa vuosikymmenten kokemuksella\"\n\t\trel=\"bookmark\"\n\t\tclass=\"tribe-events-widget-events-list__event-title-link tribe-common-anchor-thin\"\n\t>\n\t\tMarkku Manninen: Yleis\u00f6n karttojen tulkintaa vuosikymmenten kokemuksella\t<\/a>\n<\/h3>\n\t\t\t\t<\/header>\n\n\t\t\t\t\n\t\t\t<\/div>\n\t\t<\/article>\n\t<\/div>\n\n<\/div>\n\t\t\t\t\t\t\t\t\t<\/div>\n\n\t\t\t\t<div class=\"tribe-events-widget-events-list__view-more tribe-common-b1 tribe-common-b2--min-medium\">\n\t<a\n\t\thref=\"https:\/\/www.turkuastro.fi\/events\/\"\n\t\tclass=\"tribe-events-widget-events-list__view-more-link tribe-common-anchor-thin\"\n\t\ttitle=\"N\u00e4yt\u00e4 enemm\u00e4n tapahtumat.\"\n\t>\n\t\tN\u00e4yt\u00e4 kalenteri\t<\/a>\n<\/div>\n\n\t\t\t\t\t<\/div>\n\t<\/div>\n<\/div>\n<script data-js='tribe-events-view-nonce-data' type='application\/json'>{\"tvn1\":\"0717560c92\",\"tvn2\":\"\"}<\/script>\t\t\t\t<\/div>\n\t\t\t\t<\/div>\n\t\t\t\t\t<\/div>\n\t\t<\/div>\n\t\t\t\t\t<\/div>\n\t\t<\/section>\n\t\t\t\t<section class=\"elementor-section elementor-top-section elementor-element elementor-element-8ddd07b elementor-section-boxed elementor-section-height-default elementor-section-height-default wpr-particle-no wpr-jarallax-no wpr-parallax-no wpr-sticky-section-no\" data-id=\"8ddd07b\" data-element_type=\"section\" data-e-type=\"section\">\n\t\t\t\t\t\t<div class=\"elementor-container elementor-column-gap-default\">\n\t\t\t\t\t<div class=\"elementor-column elementor-col-50 elementor-top-column elementor-element elementor-element-8802c49\" data-id=\"8802c49\" data-element_type=\"column\" data-e-type=\"column\">\n\t\t\t<div class=\"elementor-widget-wrap elementor-element-populated\">\n\t\t\t\t\t\t<div class=\"elementor-element elementor-element-3ff98a7 elementor-widget elementor-widget-text-editor\" data-id=\"3ff98a7\" data-element_type=\"widget\" data-e-type=\"widget\" data-widget_type=\"text-editor.default\">\n\t\t\t\t<div class=\"elementor-widget-container\">\n\t\t\t\t\t\t\t\t\t<p>Paina <strong>&#8217;N\u00e4yt\u00e4 Kalenteri&#8217;<\/strong> tai &#8217;<strong>All tapahtumat&#8217;<\/strong> n\u00e4hd\u00e4ksesi laajemman listan tulevista tapahtumista.<\/p>\t\t\t\t\t\t\t\t<\/div>\n\t\t\t\t<\/div>\n\t\t\t\t\t<\/div>\n\t\t<\/div>\n\t\t\t\t<div class=\"elementor-column elementor-col-50 elementor-top-column elementor-element elementor-element-f0fa20d\" data-id=\"f0fa20d\" data-element_type=\"column\" data-e-type=\"column\">\n\t\t\t<div class=\"elementor-widget-wrap elementor-element-populated\">\n\t\t\t\t\t\t\t<\/div>\n\t\t<\/div>\n\t\t\t\t\t<\/div>\n\t\t<\/section>\n\t\t\t\t<section class=\"elementor-section elementor-top-section elementor-element elementor-element-80e14d1 elementor-section-boxed elementor-section-height-default elementor-section-height-default wpr-particle-no wpr-jarallax-no wpr-parallax-no wpr-sticky-section-no\" data-id=\"80e14d1\" data-element_type=\"section\" data-e-type=\"section\">\n\t\t\t\t\t\t<div class=\"elementor-container elementor-column-gap-default\">\n\t\t\t\t\t<div class=\"elementor-column elementor-col-100 elementor-top-column elementor-element elementor-element-cb8b668\" data-id=\"cb8b668\" data-element_type=\"column\" data-e-type=\"column\">\n\t\t\t<div class=\"elementor-widget-wrap elementor-element-populated\">\n\t\t\t\t\t\t<div class=\"elementor-element elementor-element-c7d3683 elementor-widget elementor-widget-tec_events_elementor_widget_event_calendar_link\" data-id=\"c7d3683\" data-element_type=\"widget\" data-e-type=\"widget\" data-widget_type=\"tec_events_elementor_widget_event_calendar_link.default\">\n\t\t\t\t<div class=\"elementor-widget-container\">\n\t\t\t\t\t<p  class=\"tec-events-back\" >\n\t<a href=\"https:\/\/www.turkuastro.fi\/index.php\/events\/\" >&laquo; Kaikki Tapahtumat<\/a>\n<\/p>\t\t\t\t<\/div>\n\t\t\t\t<\/div>\n\t\t\t\t\t<\/div>\n\t\t<\/div>\n\t\t\t\t\t<\/div>\n\t\t<\/section>\n\t\t\t\t<\/div>\n\t\t","protected":false},"excerpt":{"rendered":"<p>Paina &#8217;N\u00e4yt\u00e4 Kalenteri&#8217; tai &#8217;All tapahtumat&#8217; n\u00e4hd\u00e4ksesi laajemman listan tulevista tapahtumista. &laquo; All Tapahtumat<\/p>\n","protected":false},"author":1,"featured_media":0,"parent":0,"menu_order":0,"comment_status":"closed","ping_status":"closed","template":"","meta":{"footnotes":""},"class_list":["post-44","page","type-page","status-publish","hentry"],"_links":{"self":[{"href":"https:\/\/www.turkuastro.fi\/index.php\/wp-json\/wp\/v2\/pages\/44","targetHints":{"allow":["GET"]}}],"collection":[{"href":"https:\/\/www.turkuastro.fi\/index.php\/wp-json\/wp\/v2\/pages"}],"about":[{"href":"https:\/\/www.turkuastro.fi\/index.php\/wp-json\/wp\/v2\/types\/page"}],"author":[{"embeddable":true,"href":"https:\/\/www.turkuastro.fi\/index.php\/wp-json\/wp\/v2\/users\/1"}],"replies":[{"embeddable":true,"href":"https:\/\/www.turkuastro.fi\/index.php\/wp-json\/wp\/v2\/comments?post=44"}],"version-history":[{"count":34,"href":"https:\/\/www.turkuastro.fi\/index.php\/wp-json\/wp\/v2\/pages\/44\/revisions"}],"predecessor-version":[{"id":1003,"href":"https:\/\/www.turkuastro.fi\/index.php\/wp-json\/wp\/v2\/pages\/44\/revisions\/1003"}],"wp:attachment":[{"href":"https:\/\/www.turkuastro.fi\/index.php\/wp-json\/wp\/v2\/media?parent=44"}],"curies":[{"name":"wp","href":"https:\/\/api.w.org\/{rel}","templated":true}]}}