{"id":545,"date":"2023-07-04T19:19:43","date_gmt":"2023-07-04T16:19:43","guid":{"rendered":"https:\/\/www.turkuastro.fi\/?page_id=545"},"modified":"2026-03-28T13:34:11","modified_gmt":"2026-03-28T11:34:11","slug":"etusivu","status":"publish","type":"page","link":"https:\/\/www.turkuastro.fi\/","title":{"rendered":"Etusivu"},"content":{"rendered":"\t\t<div data-elementor-type=\"wp-page\" data-elementor-id=\"545\" class=\"elementor elementor-545\">\n\t\t\t\t\t\t<section class=\"elementor-section elementor-top-section elementor-element elementor-element-53a7fa5 elementor-section-boxed elementor-section-height-default elementor-section-height-default wpr-particle-no wpr-jarallax-no wpr-parallax-no wpr-sticky-section-no\" data-id=\"53a7fa5\" data-element_type=\"section\" data-e-type=\"section\">\n\t\t\t\t\t\t<div class=\"elementor-container elementor-column-gap-default\">\n\t\t\t\t\t<div class=\"elementor-column elementor-col-100 elementor-top-column elementor-element elementor-element-85444ba\" data-id=\"85444ba\" data-element_type=\"column\" data-e-type=\"column\">\n\t\t\t<div class=\"elementor-widget-wrap elementor-element-populated\">\n\t\t\t\t\t\t<div class=\"elementor-element elementor-element-323e1cb elementor-widget elementor-widget-text-editor\" data-id=\"323e1cb\" data-element_type=\"widget\" data-e-type=\"widget\" data-widget_type=\"text-editor.default\">\n\t\t\t\t<div class=\"elementor-widget-container\">\n\t\t\t\t\t\t\t\t\t<h4>TERVETULOA ASTROLOGIAN PARIIN, <br \/>Turun Astrologisen seuran inspiroiviin tapahtumiin &#8211;<br \/>liven\u00e4, et\u00e4n\u00e4 ja yhdess\u00e4 oppien<em>.<\/em><\/h4>\t\t\t\t\t\t\t\t<\/div>\n\t\t\t\t<\/div>\n\t\t\t\t<div class=\"elementor-element elementor-element-6cfca4b elementor-widget__width-initial elementor-widget elementor-widget-text-editor\" data-id=\"6cfca4b\" data-element_type=\"widget\" data-e-type=\"widget\" data-widget_type=\"text-editor.default\">\n\t\t\t\t<div class=\"elementor-widget-container\">\n\t\t\t\t\t\t\t\t\t<p><img fetchpriority=\"high\" decoding=\"async\" class=\"aligncenter wp-image-1908 size-full\" src=\"https:\/\/www.turkuastro.fi\/wp-content\/uploads\/2026\/01\/2026-alkuvuosi.png\" alt=\"\" width=\"1024\" height=\"1024\" srcset=\"https:\/\/www.turkuastro.fi\/wp-content\/uploads\/2026\/01\/2026-alkuvuosi.png 1024w, https:\/\/www.turkuastro.fi\/wp-content\/uploads\/2026\/01\/2026-alkuvuosi-300x300.png 300w, https:\/\/www.turkuastro.fi\/wp-content\/uploads\/2026\/01\/2026-alkuvuosi-150x150.png 150w, https:\/\/www.turkuastro.fi\/wp-content\/uploads\/2026\/01\/2026-alkuvuosi-768x768.png 768w, https:\/\/www.turkuastro.fi\/wp-content\/uploads\/2026\/01\/2026-alkuvuosi-75x75.png 75w\" sizes=\"(max-width: 1024px) 100vw, 1024px\" \/><\/p>\t\t\t\t\t\t\t\t<\/div>\n\t\t\t\t<\/div>\n\t\t\t\t\t<\/div>\n\t\t<\/div>\n\t\t\t\t\t<\/div>\n\t\t<\/section>\n\t\t\t\t<section class=\"elementor-section elementor-top-section elementor-element elementor-element-f1db81c elementor-section-boxed elementor-section-height-default elementor-section-height-default wpr-particle-no wpr-jarallax-no wpr-parallax-no wpr-sticky-section-no\" data-id=\"f1db81c\" data-element_type=\"section\" data-e-type=\"section\">\n\t\t\t\t\t\t<div class=\"elementor-container elementor-column-gap-default\">\n\t\t\t\t\t<div class=\"elementor-column elementor-col-100 elementor-top-column elementor-element elementor-element-73453ae\" data-id=\"73453ae\" data-element_type=\"column\" data-e-type=\"column\">\n\t\t\t<div class=\"elementor-widget-wrap elementor-element-populated\">\n\t\t\t\t\t\t<div class=\"elementor-element elementor-element-1b68dd6 elementor-widget elementor-widget-text-editor\" data-id=\"1b68dd6\" data-element_type=\"widget\" data-e-type=\"widget\" data-widget_type=\"text-editor.default\">\n\t\t\t\t<div class=\"elementor-widget-container\">\n\t\t\t\t\t\t\t\t\t<h3>Turun seudun Astrologinen kev\u00e4t 2026.<\/h3>\t\t\t\t\t\t\t\t<\/div>\n\t\t\t\t<\/div>\n\t\t\t\t\t<\/div>\n\t\t<\/div>\n\t\t\t\t\t<\/div>\n\t\t<\/section>\n\t\t\t\t<section class=\"elementor-section elementor-top-section elementor-element elementor-element-008d835 elementor-section-boxed elementor-section-height-default elementor-section-height-default wpr-particle-no wpr-jarallax-no wpr-parallax-no wpr-sticky-section-no\" data-id=\"008d835\" data-element_type=\"section\" data-e-type=\"section\">\n\t\t\t\t\t\t<div class=\"elementor-container elementor-column-gap-default\">\n\t\t\t\t\t<div class=\"elementor-column elementor-col-100 elementor-top-column elementor-element elementor-element-0a5dd05\" data-id=\"0a5dd05\" data-element_type=\"column\" data-e-type=\"column\">\n\t\t\t<div class=\"elementor-widget-wrap elementor-element-populated\">\n\t\t\t\t\t\t<div class=\"elementor-element elementor-element-77d5e36 elementor-widget elementor-widget-tec_events_elementor_widget_event_calendar_link\" data-id=\"77d5e36\" data-element_type=\"widget\" data-e-type=\"widget\" data-widget_type=\"tec_events_elementor_widget_event_calendar_link.default\">\n\t\t\t\t<div class=\"elementor-widget-container\">\n\t\t\t\t\t<h5  class=\"tec-events-back\" >\n\t<a href=\"https:\/\/www.turkuastro.fi\/index.php\/events\/\" >&laquo; Kaikki Tapahtumat<\/a>\n<\/h5>\t\t\t\t<\/div>\n\t\t\t\t<\/div>\n\t\t\t\t<div class=\"elementor-element elementor-element-de55e4c elementor-widget elementor-widget-text-editor\" data-id=\"de55e4c\" data-element_type=\"widget\" data-e-type=\"widget\" data-widget_type=\"text-editor.default\">\n\t\t\t\t<div class=\"elementor-widget-container\">\n\t\t\t\t\t\t\t\t\t<div dir=\"auto\">\u00a0<\/div><div dir=\"auto\">\u00a0<\/div><div dir=\"auto\">\u00a0<\/div>\t\t\t\t\t\t\t\t<\/div>\n\t\t\t\t<\/div>\n\t\t\t\t<div class=\"elementor-element elementor-element-ec7b98e elementor-widget elementor-widget-text-editor\" data-id=\"ec7b98e\" data-element_type=\"widget\" data-e-type=\"widget\" data-widget_type=\"text-editor.default\">\n\t\t\t\t<div class=\"elementor-widget-container\">\n\t\t\t\t\t\t\t\t\t<h3>Hutikuu:<\/h3><h4><strong>Kuuilta<\/strong>, ma 13.4.2026.<br \/>Kalat ja Oinas uusikuu, Brahenkatu 18 b A 19.<\/h4><p><a href=\"https:\/\/www.turkuastro.fi\/index.php\/event\/kuuilta-harka-uusikuu\/\">https:\/\/www.turkuastro.fi\/index.php\/event\/kuuilta-harka-uusikuu\/<\/a><\/p><p><img decoding=\"async\" class=\"alignnone wp-image-2101 size-thumbnail\" src=\"https:\/\/www.turkuastro.fi\/wp-content\/uploads\/2026\/01\/658798234_918220074153975_7493364949579779137_n-150x150.jpg\" alt=\"\" width=\"150\" height=\"150\" srcset=\"https:\/\/www.turkuastro.fi\/wp-content\/uploads\/2026\/01\/658798234_918220074153975_7493364949579779137_n-150x150.jpg 150w, https:\/\/www.turkuastro.fi\/wp-content\/uploads\/2026\/01\/658798234_918220074153975_7493364949579779137_n-300x300.jpg 300w, https:\/\/www.turkuastro.fi\/wp-content\/uploads\/2026\/01\/658798234_918220074153975_7493364949579779137_n-75x75.jpg 75w\" sizes=\"(max-width: 150px) 100vw, 150px\" \/><\/p><p>\u00a0<\/p><p>\u00a0<\/p><h4><strong>Luento, <\/strong>su 19.4.2026, klo 14-16.<br \/>Luennoitsija<strong> Erkki Lehtiranta<\/strong>.<br \/><strong>Astrologia henkisess\u00e4 evoluutiossa.<\/strong><\/h4><p><br \/>Puutarhakatu 7 A tai et\u00e4n\u00e4 Teams-yhteydell\u00e4.<br \/><span data-contrast=\"auto\">Syntym\u00e4kartan koodauksiin on tallennettu valtava m\u00e4\u00e4r\u00e4 informaatiota<\/span><span data-ccp-props=\"{}\"> \u00a0<\/span><span data-contrast=\"auto\">aiempien el\u00e4miemme kokonaissummasta, mm. keskeiset karmalliset<\/span><span data-ccp-props=\"{}\">\u00a0<\/span><span data-contrast=\"auto\">el\u00e4m\u00e4nl\u00e4ksyt sek\u00e4 tietoa el\u00e4m\u00e4nkaarisuunnitelmasta, joka on osin tallennettu<\/span> <span data-contrast=\"auto\">yksil\u00f6n syntym\u00e4hetken taivaantilanteeseen. <\/span><span data-contrast=\"auto\">Henkisen astrologian avulla<\/span><span data-ccp-props=\"{}\">\u00a0<\/span><span data-contrast=\"auto\">n\u00e4m\u00e4 voidaan nostaa tiedostukseen ja nopeuttaa yksil\u00f6n henkist\u00e4<\/span><span data-ccp-props=\"{}\">\u00a0<\/span><span data-contrast=\"auto\">evoluutiota.<\/span><span data-ccp-props=\"{}\">\u00a0<\/span><\/p><p>Erkki Lehtiranta on pitk\u00e4n linjan astrologi, kouluttaja ja kirjailija, joka on toiminut astrologian parissa jo vuosikymmenten ajan.<\/p><p>Kts. ilmoittautumis ja maksutiedot linkist\u00e4.<br \/><a href=\"https:\/\/www.turkuastro.fi\/index.php\/event\/luento-erkki-lehtiranta\/\">https:\/\/www.turkuastro.fi\/index.php\/event\/luento-erkki-lehtiranta\/<\/a><\/p><p><img decoding=\"async\" class=\"alignnone wp-image-2085 size-thumbnail\" src=\"https:\/\/www.turkuastro.fi\/wp-content\/uploads\/2026\/03\/erkki-lehtiranta-5-150x150.jpg\" alt=\"\" width=\"150\" height=\"150\" srcset=\"https:\/\/www.turkuastro.fi\/wp-content\/uploads\/2026\/03\/erkki-lehtiranta-5-150x150.jpg 150w, https:\/\/www.turkuastro.fi\/wp-content\/uploads\/2026\/03\/erkki-lehtiranta-5-300x300.jpg 300w, https:\/\/www.turkuastro.fi\/wp-content\/uploads\/2026\/03\/erkki-lehtiranta-5-768x768.jpg 768w, https:\/\/www.turkuastro.fi\/wp-content\/uploads\/2026\/03\/erkki-lehtiranta-5-75x75.jpg 75w, https:\/\/www.turkuastro.fi\/wp-content\/uploads\/2026\/03\/erkki-lehtiranta-5.jpg 810w\" sizes=\"(max-width: 150px) 100vw, 150px\" \/><\/p><p><span style=\"color: #0000ff;\"><span style=\"color: #ff00ff;\">Erkill\u00e4 on my\u00f6s varattavissa muutama henkisen astrologian tulkinta-aika ennen luentoa, ota yhteys info@smilingstars.fi tai WhatsApp\/viesti 0400761939<\/span>.\u00a0<\/span><\/p>\t\t\t\t\t\t\t\t<\/div>\n\t\t\t\t<\/div>\n\t\t\t\t\t<\/div>\n\t\t<\/div>\n\t\t\t\t\t<\/div>\n\t\t<\/section>\n\t\t\t\t<section class=\"elementor-section elementor-top-section elementor-element elementor-element-210a66f elementor-section-boxed elementor-section-height-default elementor-section-height-default wpr-particle-no wpr-jarallax-no wpr-parallax-no wpr-sticky-section-no\" data-id=\"210a66f\" data-element_type=\"section\" data-e-type=\"section\">\n\t\t\t\t\t\t<div class=\"elementor-container elementor-column-gap-default\">\n\t\t\t\t\t<div class=\"elementor-column elementor-col-100 elementor-top-column elementor-element elementor-element-7a34727\" data-id=\"7a34727\" data-element_type=\"column\" data-e-type=\"column\">\n\t\t\t<div class=\"elementor-widget-wrap elementor-element-populated\">\n\t\t\t\t\t\t<div class=\"elementor-element elementor-element-4cc9d06 elementor-widget elementor-widget-text-editor\" data-id=\"4cc9d06\" data-element_type=\"widget\" data-e-type=\"widget\" data-widget_type=\"text-editor.default\">\n\t\t\t\t<div class=\"elementor-widget-container\">\n\t\t\t\t\t\t\t\t\t<h6>Astrologia on kuin kello &#8211; moni p\u00e4rj\u00e4\u00e4 ilmankin, <br \/>mutta on aika mielenkiintoista tiet\u00e4\u00e4, mit\u00e4 se n\u00e4ytt\u00e4\u00e4.<\/h6>\t\t\t\t\t\t\t\t<\/div>\n\t\t\t\t<\/div>\n\t\t\t\t\t<\/div>\n\t\t<\/div>\n\t\t\t\t\t<\/div>\n\t\t<\/section>\n\t\t\t\t<\/div>\n\t\t","protected":false},"excerpt":{"rendered":"<p>TERVETULOA ASTROLOGIAN PARIIN, Turun Astrologisen seuran inspiroiviin tapahtumiin &#8211;liven\u00e4, et\u00e4n\u00e4 ja yhdess\u00e4 oppien. Turun seudun Astrologinen kev\u00e4t 2026. &laquo; Kaikki Tapahtumat \u00a0\u00a0\u00a0 Hutikuu: Kuuilta, ma 13.4.2026.Kalat ja Oinas uusikuu, Brahenkatu 18 b A 19. https:\/\/www.turkuastro.fi\/index.php\/event\/kuuilta-harka-uusikuu\/ \u00a0 \u00a0 Luento, su 19.4.2026, klo 14-16.Luennoitsija Erkki Lehtiranta.Astrologia henkisess\u00e4 evoluutiossa. Puutarhakatu 7 A tai et\u00e4n\u00e4 Teams-yhteydell\u00e4.Syntym\u00e4kartan koodauksiin on tallennettu valtava m\u00e4\u00e4r\u00e4 informaatiota \u00a0aiempien el\u00e4miemme kokonaissummasta, mm. keskeiset karmalliset\u00a0el\u00e4m\u00e4nl\u00e4ksyt sek\u00e4 tietoa el\u00e4m\u00e4nkaarisuunnitelmasta, joka on osin tallennettu yksil\u00f6n syntym\u00e4hetken taivaantilanteeseen. Henkisen astrologian avulla\u00a0n\u00e4m\u00e4 voidaan nostaa tiedostukseen ja nopeuttaa yksil\u00f6n henkist\u00e4\u00a0evoluutiota.\u00a0 Erkki Lehtiranta on pitk\u00e4n linjan astrologi, kouluttaja ja kirjailija, joka on toiminut astrologian parissa jo vuosikymmenten ajan. Kts. ilmoittautumis ja maksutiedot linkist\u00e4.https:\/\/www.turkuastro.fi\/index.php\/event\/luento-erkki-lehtiranta\/ Erkill\u00e4 on my\u00f6s varattavissa muutama henkisen astrologian tulkinta-aika ennen luentoa, ota yhteys info@smilingstars.fi tai WhatsApp\/viesti 0400761939.\u00a0 Astrologia on kuin kello &#8211; moni p\u00e4rj\u00e4\u00e4 ilmankin, mutta on aika mielenkiintoista tiet\u00e4\u00e4, mit\u00e4 se n\u00e4ytt\u00e4\u00e4.<\/p>\n","protected":false},"author":1,"featured_media":0,"parent":0,"menu_order":0,"comment_status":"closed","ping_status":"closed","template":"","meta":{"footnotes":""},"class_list":["post-545","page","type-page","status-publish","hentry"],"_links":{"self":[{"href":"https:\/\/www.turkuastro.fi\/index.php\/wp-json\/wp\/v2\/pages\/545","targetHints":{"allow":["GET"]}}],"collection":[{"href":"https:\/\/www.turkuastro.fi\/index.php\/wp-json\/wp\/v2\/pages"}],"about":[{"href":"https:\/\/www.turkuastro.fi\/index.php\/wp-json\/wp\/v2\/types\/page"}],"author":[{"embeddable":true,"href":"https:\/\/www.turkuastro.fi\/index.php\/wp-json\/wp\/v2\/users\/1"}],"replies":[{"embeddable":true,"href":"https:\/\/www.turkuastro.fi\/index.php\/wp-json\/wp\/v2\/comments?post=545"}],"version-history":[{"count":750,"href":"https:\/\/www.turkuastro.fi\/index.php\/wp-json\/wp\/v2\/pages\/545\/revisions"}],"predecessor-version":[{"id":2109,"href":"https:\/\/www.turkuastro.fi\/index.php\/wp-json\/wp\/v2\/pages\/545\/revisions\/2109"}],"wp:attachment":[{"href":"https:\/\/www.turkuastro.fi\/index.php\/wp-json\/wp\/v2\/media?parent=545"}],"curies":[{"name":"wp","href":"https:\/\/api.w.org\/{rel}","templated":true}]}}