{"id":640,"date":"2023-10-23T23:51:10","date_gmt":"2023-10-23T20:51:10","guid":{"rendered":"https:\/\/www.turkuastro.fi\/?page_id=640"},"modified":"2024-09-20T16:18:58","modified_gmt":"2024-09-20T13:18:58","slug":"linkit","status":"publish","type":"page","link":"https:\/\/www.turkuastro.fi\/index.php\/linkit\/","title":{"rendered":"LINKKEJ\u00c4"},"content":{"rendered":"\n<p class=\"has-text-align-right\"><\/p>\n\n\n\n<p>YHDISTYKSI\u00c4:<\/p>\n\n\n\n<p><\/p>\n\n\n\n<ul class=\"wp-block-list\">\n<li><a href=\"https:\/\/sasseura.net\/\">Suomen Astrologinen Seura ry<\/a><\/li>\n\n\n\n<li><a href=\"https:\/\/suomenammattiastrologit.wordpress.com\/\">Suomen Ammattiastrologit ry<\/a><\/li>\n\n\n\n<li><a href=\"https:\/\/tamastro.fi\/\">Tampereen Astrologinen Seura ry <\/a><\/li>\n<\/ul>\n\n\n\n<p>ASTROLOGISIA SIVUSTOJA:<\/p>\n\n\n\n<ul class=\"wp-block-list\">\n<li>Tarja Enoranta <a href=\"http:\/\/astrologiantaika.fi\/\">Astrologian Taika<\/a> <\/li>\n\n\n\n<li><a href=\"http:\/\/www.paivikaskimaki.com\/\">P\u00e4ivi Kaskim\u00e4ki<\/a>, maya-astrologiaa <\/li>\n\n\n\n<li>Johanna Karpov <a href=\"http:\/\/www.veneika.fi\/\">Valkoinen enkeli<\/a> <\/li>\n\n\n\n<li>Maarit Laurento <a href=\"http:\/\/www.astrobar.fi\/\">Astro Bar<\/a> <\/li>\n\n\n\n<li>Erkki Lehtiranta <a href=\"http:\/\/www.smilingstars.fi\/\">Smilingstars<\/a> <\/li>\n\n\n\n<li>Heli Nuotio <a href=\"https:\/\/astrolotus.fi\/TIETOJA\/\">Astrolotus<\/a><\/li>\n\n\n\n<li>Anne Sundell&nbsp;<a href=\"http:\/\/www.astroservice.fi\">Astroservice<\/a> <\/li>\n\n\n\n<li>Seppo Tanhua <a href=\"http:\/\/www.astro.fi\/\">astro.fi<\/a><\/li>\n\n\n\n<li>Johanna Vilen <a href=\"https:\/\/www.kuussajamaassa.com\/ota-yhteytta-2\/johanna-vilen.html\">Kuussa ja Maassa<\/a><\/li>\n\n\n\n<li>Heli V\u00e4rr\u00e4l\u00e4 <a href=\"http:\/\/www.kuutarha.fi\/\">Kuutarha<\/a> Kuutarhurin astrologinen puutarha<\/li>\n\n\n\n<li><\/li>\n<\/ul>\n\n\n\n<p>MUITA LINKKEJ\u00c4:<\/p>\n\n\n\n<div class=\"wp-block-columns is-layout-flex wp-container-core-columns-is-layout-28f84493 wp-block-columns-is-layout-flex\">\n<div class=\"wp-block-column is-layout-flow wp-block-column-is-layout-flow\" style=\"flex-basis:33.33%\">\n<figure class=\"wp-block-image size-large is-resized\"><a href=\"https:\/\/www.annenevantausta.fi\/\" target=\"_blank\" rel=\"noreferrer noopener\"><img fetchpriority=\"high\" decoding=\"async\" width=\"768\" height=\"1024\" src=\"https:\/\/www.turkuastro.fi\/wp-content\/uploads\/2023\/11\/Lomalla-heinakuu-21-055-scaled-e1628085783374-768x1024.jpg\" alt=\"\" class=\"wp-image-683\" style=\"width:150px;height:150px\" srcset=\"https:\/\/www.turkuastro.fi\/wp-content\/uploads\/2023\/11\/Lomalla-heinakuu-21-055-scaled-e1628085783374-768x1024.jpg 768w, https:\/\/www.turkuastro.fi\/wp-content\/uploads\/2023\/11\/Lomalla-heinakuu-21-055-scaled-e1628085783374-225x300.jpg 225w, https:\/\/www.turkuastro.fi\/wp-content\/uploads\/2023\/11\/Lomalla-heinakuu-21-055-scaled-e1628085783374-1152x1536.jpg 1152w, https:\/\/www.turkuastro.fi\/wp-content\/uploads\/2023\/11\/Lomalla-heinakuu-21-055-scaled-e1628085783374-1536x2048.jpg 1536w, https:\/\/www.turkuastro.fi\/wp-content\/uploads\/2023\/11\/Lomalla-heinakuu-21-055-scaled-e1628085783374-1140x1520.jpg 1140w, https:\/\/www.turkuastro.fi\/wp-content\/uploads\/2023\/11\/Lomalla-heinakuu-21-055-scaled-e1628085783374.jpg 1920w\" sizes=\"(max-width: 768px) 100vw, 768px\" \/><\/a><\/figure>\n<\/div>\n\n\n\n<div class=\"wp-block-column is-layout-flow wp-block-column-is-layout-flow\" style=\"flex-basis:66.66%\">\n<p>Anne Nevantausta; <a href=\"http:\/\/www.annenevantausta.fi\">www.annenevantausta.fi<\/a><br>astrologia, kiinalainen l\u00e4\u00e4ketiede, energiahoito, ym<\/p>\n<\/div>\n<\/div>\n","protected":false},"excerpt":{"rendered":"<p>YHDISTYKSI\u00c4: ASTROLOGISIA SIVUSTOJA: MUITA LINKKEJ\u00c4: Anne Nevantausta; www.annenevantausta.fiastrologia, kiinalainen l\u00e4\u00e4ketiede, energiahoito, ym<\/p>\n","protected":false},"author":1,"featured_media":0,"parent":0,"menu_order":0,"comment_status":"closed","ping_status":"closed","template":"","meta":{"footnotes":""},"class_list":["post-640","page","type-page","status-publish","hentry"],"_links":{"self":[{"href":"https:\/\/www.turkuastro.fi\/index.php\/wp-json\/wp\/v2\/pages\/640","targetHints":{"allow":["GET"]}}],"collection":[{"href":"https:\/\/www.turkuastro.fi\/index.php\/wp-json\/wp\/v2\/pages"}],"about":[{"href":"https:\/\/www.turkuastro.fi\/index.php\/wp-json\/wp\/v2\/types\/page"}],"author":[{"embeddable":true,"href":"https:\/\/www.turkuastro.fi\/index.php\/wp-json\/wp\/v2\/users\/1"}],"replies":[{"embeddable":true,"href":"https:\/\/www.turkuastro.fi\/index.php\/wp-json\/wp\/v2\/comments?post=640"}],"version-history":[{"count":14,"href":"https:\/\/www.turkuastro.fi\/index.php\/wp-json\/wp\/v2\/pages\/640\/revisions"}],"predecessor-version":[{"id":1168,"href":"https:\/\/www.turkuastro.fi\/index.php\/wp-json\/wp\/v2\/pages\/640\/revisions\/1168"}],"wp:attachment":[{"href":"https:\/\/www.turkuastro.fi\/index.php\/wp-json\/wp\/v2\/media?parent=640"}],"curies":[{"name":"wp","href":"https:\/\/api.w.org\/{rel}","templated":true}]}}