{"id":641,"date":"2023-10-23T23:51:10","date_gmt":"2023-10-23T20:51:10","guid":{"rendered":"https:\/\/www.turkuastro.fi\/?page_id=641"},"modified":"2025-01-27T14:01:11","modified_gmt":"2025-01-27T12:01:11","slug":"liity-jaseneksi","status":"publish","type":"page","link":"https:\/\/www.turkuastro.fi\/index.php\/liity-jaseneksi\/","title":{"rendered":"LIITY J\u00c4SENEKSI"},"content":{"rendered":"\t\t<div data-elementor-type=\"wp-page\" data-elementor-id=\"641\" class=\"elementor elementor-641\">\n\t\t\t\t\t\t<section class=\"elementor-section elementor-top-section elementor-element elementor-element-2987c001 elementor-section-boxed elementor-section-height-default elementor-section-height-default wpr-particle-no wpr-jarallax-no wpr-parallax-no wpr-sticky-section-no\" data-id=\"2987c001\" data-element_type=\"section\" data-e-type=\"section\">\n\t\t\t\t\t\t<div class=\"elementor-container elementor-column-gap-default\">\n\t\t\t\t\t<div class=\"elementor-column elementor-col-100 elementor-top-column elementor-element elementor-element-7734933c\" data-id=\"7734933c\" data-element_type=\"column\" data-e-type=\"column\">\n\t\t\t<div class=\"elementor-widget-wrap elementor-element-populated\">\n\t\t\t\t\t\t<div class=\"elementor-element elementor-element-5320bdf6 elementor-widget elementor-widget-text-editor\" data-id=\"5320bdf6\" data-element_type=\"widget\" data-e-type=\"widget\" data-widget_type=\"text-editor.default\">\n\t\t\t\t<div class=\"elementor-widget-container\">\n\t\t\t\t\t\t\t\t\t<p><\/p>\n<p>Tervetuloa yhdistyksemme j\u00e4seneksi.<\/p>\n<p><\/p>\n<p><\/p>\n<p>Yhdistyksemme tavoitteena on astrologisen tiet\u00e4myksen lis\u00e4\u00e4minen ja harrastaminen Turun seudulla. Sek\u00e4 tarjota aiheesta kiinnostuneille mahdollisuuden tutustua toisiin harrastajiin.<\/p>\n<p style=\"line-height: 100%; margin-bottom: 0in;\">J\u00e4senen\u00e4 saat j\u00e4senetuja, kuten osallistuminen j\u00e4senhinnalla Turun Seudun Astrologisen<br \/>Seuran tapahtumiin ja oikeus k\u00e4ytt\u00e4\u00e4 seuran laajaa astrologista kirjastoa.<br \/><br \/><\/p>\n<p style=\"line-height: 100%; margin-bottom: 0in;\"><style type=\"text\/css\">p { line-height: 115%; margin-bottom: 0.1in; background: transparent }<\/style><\/p>\n<p style=\"line-height: 100%; margin-bottom: 0in;\">J\u00e4senkirje l\u00e4hetet\u00e4\u00e4n s\u00e4hk\u00f6postiin n. 3 kertaa kaudessa.<\/p>\n<p><\/p>\n<p><\/p>\n<p><\/p>\n<p><!-- \/wp:list --><\/p>\n<p><!-- wp:paragraph --><\/p>\n<p><!-- \/wp:paragraph --><\/p>\t\t\t\t\t\t\t\t<\/div>\n\t\t\t\t<\/div>\n\t\t\t\t\t<\/div>\n\t\t<\/div>\n\t\t\t\t\t<\/div>\n\t\t<\/section>\n\t\t\t\t<section class=\"elementor-section elementor-top-section elementor-element elementor-element-6d2be3f elementor-section-boxed elementor-section-height-default elementor-section-height-default wpr-particle-no wpr-jarallax-no wpr-parallax-no wpr-sticky-section-no\" data-id=\"6d2be3f\" data-element_type=\"section\" data-e-type=\"section\">\n\t\t\t\t\t\t<div class=\"elementor-container elementor-column-gap-default\">\n\t\t\t\t\t<div class=\"elementor-column elementor-col-100 elementor-top-column elementor-element elementor-element-7f990d2\" data-id=\"7f990d2\" data-element_type=\"column\" data-e-type=\"column\">\n\t\t\t<div class=\"elementor-widget-wrap elementor-element-populated\">\n\t\t\t\t\t\t<div class=\"elementor-element elementor-element-e651dde elementor-widget elementor-widget-text-editor\" data-id=\"e651dde\" data-element_type=\"widget\" data-e-type=\"widget\" data-widget_type=\"text-editor.default\">\n\t\t\t\t<div class=\"elementor-widget-container\">\n\t\t\t\t\t\t\t\t\t<p>VOIT LIITTY\u00c4 J\u00c4SENEKSI (kolme eri vaihtoehtoa):<\/p>\n<ol>\n<li>T\u00c4YT\u00c4 ALLA OLEVA LOMAKE \u00a0\u00a0 tai<\/li>\n<li>Ilmoita kiinnostuksesi s\u00e4hk\u00f6postiosoitteeseen info@turkuastro.fi\u00a0\u00a0\u00a0\u00a0\u00a0 tai<\/li>\n<li>Maksamalla Turun Seudun Astrologinen Seura ry tilille FI51 4309 0010 0431 80 j\u00e4senmaksun 22 \u20ac, viestikentt\u00e4\u00e4n viite 20250070 + oma etu- ja sukunimi.<\/li>\n<\/ol>\t\t\t\t\t\t\t\t<\/div>\n\t\t\t\t<\/div>\n\t\t\t\t\t<\/div>\n\t\t<\/div>\n\t\t\t\t\t<\/div>\n\t\t<\/section>\n\t\t\t\t<section class=\"elementor-section elementor-top-section elementor-element elementor-element-aee2758 elementor-section-boxed elementor-section-height-default elementor-section-height-default wpr-particle-no wpr-jarallax-no wpr-parallax-no wpr-sticky-section-no\" data-id=\"aee2758\" data-element_type=\"section\" data-e-type=\"section\">\n\t\t\t\t\t\t<div class=\"elementor-container elementor-column-gap-default\">\n\t\t\t\t\t<div class=\"elementor-column elementor-col-100 elementor-top-column elementor-element elementor-element-9c26a99\" data-id=\"9c26a99\" data-element_type=\"column\" data-e-type=\"column\">\n\t\t\t<div class=\"elementor-widget-wrap elementor-element-populated\">\n\t\t\t\t\t\t<div class=\"elementor-element elementor-element-ad034cd elementor-widget elementor-widget-wp-widget-wpforms-widget\" data-id=\"ad034cd\" data-element_type=\"widget\" data-e-type=\"widget\" data-widget_type=\"wp-widget-wpforms-widget.default\">\n\t\t\t\t<div class=\"elementor-widget-container\">\n\t\t\t\t\t<div class=\"wpforms-container wpforms-container-full wpforms-render-modern\" id=\"wpforms-884\"><form id=\"wpforms-form-884\" class=\"wpforms-validate wpforms-form wpforms-ajax-form\" data-formid=\"884\" method=\"post\" enctype=\"multipart\/form-data\" action=\"\/index.php\/wp-json\/wp\/v2\/pages\/641\" data-token=\"84e7b68685b54b746d27cce272e2221b\" data-token-time=\"1776333717\"><noscript class=\"wpforms-error-noscript\">Please enable JavaScript in your browser to complete this form.<\/noscript><div id=\"wpforms-error-noscript\" style=\"display: none;\">Please enable JavaScript in your browser to complete this form.<\/div><div class=\"wpforms-field-container\"><div id=\"wpforms-884-field_4-container\" class=\"wpforms-field wpforms-field-name\" data-field-id=\"4\"><label class=\"wpforms-field-label\" for=\"wpforms-884-field_4\">Sukunimi <span class=\"wpforms-required-label\" aria-hidden=\"true\">*<\/span><\/label><input type=\"text\" id=\"wpforms-884-field_4\" class=\"wpforms-field-medium wpforms-field-required\" name=\"wpforms[fields][4]\" aria-errormessage=\"wpforms-884-field_4-error\" required><\/div><div id=\"wpforms-884-field_7-container\" class=\"wpforms-field wpforms-field-name\" data-field-id=\"7\"><label class=\"wpforms-field-label\" for=\"wpforms-884-field_7\">Etunimi <span class=\"wpforms-required-label\" aria-hidden=\"true\">*<\/span><\/label><input type=\"text\" id=\"wpforms-884-field_7\" class=\"wpforms-field-medium wpforms-field-required\" name=\"wpforms[fields][7]\" aria-errormessage=\"wpforms-884-field_7-error\" required><\/div>\t\t<div id=\"wpforms-884-field_1-container\"\n\t\t\tclass=\"wpforms-field wpforms-field-text\"\n\t\t\tdata-field-type=\"text\"\n\t\t\tdata-field-id=\"1\"\n\t\t\t>\n\t\t\t<label class=\"wpforms-field-label\" for=\"wpforms-884-field_1\" >Etunimi maksutapa j\u00e4senyyden<\/label>\n\t\t\t<input type=\"text\" id=\"wpforms-884-field_1\" class=\"wpforms-field-medium\" name=\"wpforms[fields][1]\" >\n\t\t<\/div>\n\t\t<div id=\"wpforms-884-field_5-container\" class=\"wpforms-field wpforms-field-email\" data-field-id=\"5\"><label class=\"wpforms-field-label\" for=\"wpforms-884-field_5\">S\u00e4hk\u00f6postiosoite <span class=\"wpforms-required-label\" aria-hidden=\"true\">*<\/span><\/label><input type=\"email\" id=\"wpforms-884-field_5\" class=\"wpforms-field-medium wpforms-field-required\" name=\"wpforms[fields][5]\" spellcheck=\"false\" aria-errormessage=\"wpforms-884-field_5-error\" required><\/div><div id=\"wpforms-884-field_6-container\" class=\"wpforms-field wpforms-field-select wpforms-field-select-style-modern\" data-field-id=\"6\"><label class=\"wpforms-field-label\" for=\"wpforms-884-field_6\">Valitse j\u00e4senyyden maksutapa <span class=\"wpforms-required-label\" aria-hidden=\"true\">*<\/span><\/label><select id=\"wpforms-884-field_6\" class=\"wpforms-field-medium wpforms-field-required choicesjs-select\" data-size-class=\"wpforms-field-row wpforms-field-medium\" data-search-enabled=\"\" name=\"wpforms[fields][6]\" required=\"required\"><option value=\"\" class=\"placeholder\" disabled  selected='selected'><\/option><option value=\"Lasku s\u00e4hk\u00f6postiin\"  class=\"choice-1 depth-1\"  >Lasku s\u00e4hk\u00f6postiin<\/option><option value=\"Maksan seuran tilille ilman laskua\"  class=\"choice-2 depth-1\"  >Maksan seuran tilille ilman laskua<\/option><\/select><\/div><div id=\"wpforms-884-field_2-container\" class=\"wpforms-field wpforms-field-textarea\" data-field-id=\"2\"><label class=\"wpforms-field-label wpforms-label-hide\" for=\"wpforms-884-field_2\" aria-hidden=\"false\">Lis\u00e4tietoja<\/label><textarea id=\"wpforms-884-field_2\" class=\"wpforms-field-medium\" name=\"wpforms[fields][2]\" aria-errormessage=\"wpforms-884-field_2-error\" ><\/textarea><\/div><script>\n\t\t\t\t( function() {\n\t\t\t\t\tconst style = document.createElement( 'style' );\n\t\t\t\t\tstyle.appendChild( document.createTextNode( '#wpforms-884-field_1-container { position: absolute !important; overflow: hidden !important; display: inline !important; height: 1px !important; width: 1px !important; z-index: -1000 !important; padding: 0 !important; } #wpforms-884-field_1-container input { visibility: hidden; } #wpforms-conversational-form-page #wpforms-884-field_1-container label { counter-increment: none; }' ) );\n\t\t\t\t\tdocument.head.appendChild( style );\n\t\t\t\t\tdocument.currentScript?.remove();\n\t\t\t\t} )();\n\t\t\t<\/script><\/div><!-- .wpforms-field-container --><div class=\"wpforms-submit-container\" ><input type=\"hidden\" name=\"wpforms[id]\" value=\"884\"><input type=\"hidden\" name=\"page_title\" value=\"\"><input type=\"hidden\" name=\"page_url\" value=\"https:\/\/www.turkuastro.fi\/index.php\/wp-json\/wp\/v2\/pages\/641\"><input type=\"hidden\" name=\"url_referer\" value=\"\"><button type=\"submit\" name=\"wpforms[submit]\" id=\"wpforms-submit-884\" class=\"wpforms-submit\" data-alt-text=\"L\u00e4hett\u00e4\u00e4...\" data-submit-text=\"L\u00e4het\u00e4\" aria-live=\"assertive\" value=\"wpforms-submit\">L\u00e4het\u00e4<\/button><img decoding=\"async\" src=\"https:\/\/www.turkuastro.fi\/wp-content\/plugins\/wpforms-lite\/assets\/images\/submit-spin.svg\" class=\"wpforms-submit-spinner\" style=\"display: none;\" width=\"26\" height=\"26\" alt=\"Loading\"><\/div><\/form><\/div>  <!-- .wpforms-container -->\t\t\t\t<\/div>\n\t\t\t\t<\/div>\n\t\t\t\t\t<\/div>\n\t\t<\/div>\n\t\t\t\t\t<\/div>\n\t\t<\/section>\n\t\t\t\t<\/div>\n\t\t","protected":false},"excerpt":{"rendered":"<p>Tervetuloa yhdistyksemme j\u00e4seneksi. Yhdistyksemme tavoitteena on astrologisen tiet\u00e4myksen lis\u00e4\u00e4minen ja harrastaminen Turun seudulla. Sek\u00e4 tarjota aiheesta kiinnostuneille mahdollisuuden tutustua toisiin harrastajiin. J\u00e4senen\u00e4 saat j\u00e4senetuja, kuten osallistuminen j\u00e4senhinnalla Turun Seudun AstrologisenSeuran tapahtumiin ja oikeus k\u00e4ytt\u00e4\u00e4 seuran laajaa astrologista kirjastoa. J\u00e4senkirje l\u00e4hetet\u00e4\u00e4n s\u00e4hk\u00f6postiin n. 3 kertaa kaudessa. VOIT LIITTY\u00c4 J\u00c4SENEKSI (kolme eri vaihtoehtoa): T\u00c4YT\u00c4 ALLA OLEVA LOMAKE \u00a0\u00a0 tai Ilmoita kiinnostuksesi s\u00e4hk\u00f6postiosoitteeseen info@turkuastro.fi\u00a0\u00a0\u00a0\u00a0\u00a0 tai Maksamalla Turun Seudun Astrologinen Seura ry tilille FI51 4309 0010 0431 80 j\u00e4senmaksun 22 \u20ac, viestikentt\u00e4\u00e4n viite 20250070 + oma etu- ja sukunimi.<\/p>\n","protected":false},"author":1,"featured_media":0,"parent":0,"menu_order":0,"comment_status":"closed","ping_status":"closed","template":"","meta":{"footnotes":""},"class_list":["post-641","page","type-page","status-publish","hentry"],"_links":{"self":[{"href":"https:\/\/www.turkuastro.fi\/index.php\/wp-json\/wp\/v2\/pages\/641","targetHints":{"allow":["GET"]}}],"collection":[{"href":"https:\/\/www.turkuastro.fi\/index.php\/wp-json\/wp\/v2\/pages"}],"about":[{"href":"https:\/\/www.turkuastro.fi\/index.php\/wp-json\/wp\/v2\/types\/page"}],"author":[{"embeddable":true,"href":"https:\/\/www.turkuastro.fi\/index.php\/wp-json\/wp\/v2\/users\/1"}],"replies":[{"embeddable":true,"href":"https:\/\/www.turkuastro.fi\/index.php\/wp-json\/wp\/v2\/comments?post=641"}],"version-history":[{"count":40,"href":"https:\/\/www.turkuastro.fi\/index.php\/wp-json\/wp\/v2\/pages\/641\/revisions"}],"predecessor-version":[{"id":1503,"href":"https:\/\/www.turkuastro.fi\/index.php\/wp-json\/wp\/v2\/pages\/641\/revisions\/1503"}],"wp:attachment":[{"href":"https:\/\/www.turkuastro.fi\/index.php\/wp-json\/wp\/v2\/media?parent=641"}],"curies":[{"name":"wp","href":"https:\/\/api.w.org\/{rel}","templated":true}]}}