{"id":65,"date":"2021-09-02T20:28:24","date_gmt":"2021-09-02T17:28:24","guid":{"rendered":"https:\/\/www.turkuastro.fi\/?page_id=65"},"modified":"2022-04-05T18:52:39","modified_gmt":"2022-04-05T15:52:39","slug":"kirjasto","status":"publish","type":"page","link":"https:\/\/www.turkuastro.fi\/index.php\/kirjasto\/","title":{"rendered":"Kirjasto"},"content":{"rendered":"<style>\/*! elementor - v3.6.2 - 04-04-2022 *\/<br \/>\n.elementor-widget-image{text-align:center}.elementor-widget-image a{display:inline-block}.elementor-widget-image a img[src$=\".svg\"]{width:48px}.elementor-widget-image img{vertical-align:middle;display:inline-block}<\/style>\n<p>\t\t\t\t\t\t\t\t\t\t\t\t<img loading=\"lazy\" decoding=\"async\" width=\"960\" height=\"346\" src=\"https:\/\/www.turkuastro.fi\/wp-content\/uploads\/2021\/12\/Kirjasto-1024x369.jpg\" alt=\"\" loading=\"lazy\" srcset=\"https:\/\/www.turkuastro.fi\/wp-content\/uploads\/2021\/12\/Kirjasto-1024x369.jpg 1024w, https:\/\/www.turkuastro.fi\/wp-content\/uploads\/2021\/12\/Kirjasto-300x108.jpg 300w, https:\/\/www.turkuastro.fi\/wp-content\/uploads\/2021\/12\/Kirjasto-768x277.jpg 768w, https:\/\/www.turkuastro.fi\/wp-content\/uploads\/2021\/12\/Kirjasto-1536x554.jpg 1536w, https:\/\/www.turkuastro.fi\/wp-content\/uploads\/2021\/12\/Kirjasto-2048x739.jpg 2048w, https:\/\/www.turkuastro.fi\/wp-content\/uploads\/2021\/12\/Kirjasto-1140x411.jpg 1140w\" sizes=\"auto, (max-width: 960px) 100vw, 960px\"><\/p>\n<p>Turun Seudun Astrologisen Seuran j\u00e4senten k\u00e4ytett\u00e4viss\u00e4 on astrologinen kirjasto, joka sijaitsee osoitteessa Kupittaankatu 108, 20100 Turku.<\/p>\n<p>Kirjastossa on n. 200 astrologiaa k\u00e4sittelev\u00e4\u00e4 kirjaa ja lis\u00e4ksi Astro Logos-lehti\u00e4 ja Ultra-lehti\u00e4.<\/p>\n<p>Jos haluat lainata kirjoja, niin ota yhteytt\u00e4 <a href=\"mailto:kirjasto@turkuastro.fi\">kirjasto@turkuastro.fi<\/a>&nbsp; ja sovitaan k\u00e4yntiaika. Aineiston voi palauttaa kirjaston postiluukusta, seuran tapahtumien yhteydess\u00e4 tai sopimalla k\u00e4yntiajasta.&nbsp;<\/p>\n","protected":false},"excerpt":{"rendered":"<p>Turun Seudun Astrologisen Seuran j\u00e4senten k\u00e4ytett\u00e4viss\u00e4 on astrologinen kirjasto, joka sijaitsee osoitteessa Kupittaankatu 108, 20100 Turku. Kirjastossa on n. 200 astrologiaa k\u00e4sittelev\u00e4\u00e4 kirjaa ja lis\u00e4ksi Astro Logos-lehti\u00e4 ja Ultra-lehti\u00e4. Jos haluat lainata kirjoja, niin ota yhteytt\u00e4 kirjasto@turkuastro.fi&nbsp; ja sovitaan k\u00e4yntiaika. Aineiston voi palauttaa kirjaston postiluukusta, seuran tapahtumien yhteydess\u00e4 tai sopimalla k\u00e4yntiajasta.&nbsp;<\/p>\n","protected":false},"author":1,"featured_media":0,"parent":0,"menu_order":0,"comment_status":"closed","ping_status":"closed","template":"","meta":{"footnotes":""},"class_list":["post-65","page","type-page","status-publish","hentry"],"_links":{"self":[{"href":"https:\/\/www.turkuastro.fi\/index.php\/wp-json\/wp\/v2\/pages\/65","targetHints":{"allow":["GET"]}}],"collection":[{"href":"https:\/\/www.turkuastro.fi\/index.php\/wp-json\/wp\/v2\/pages"}],"about":[{"href":"https:\/\/www.turkuastro.fi\/index.php\/wp-json\/wp\/v2\/types\/page"}],"author":[{"embeddable":true,"href":"https:\/\/www.turkuastro.fi\/index.php\/wp-json\/wp\/v2\/users\/1"}],"replies":[{"embeddable":true,"href":"https:\/\/www.turkuastro.fi\/index.php\/wp-json\/wp\/v2\/comments?post=65"}],"version-history":[{"count":20,"href":"https:\/\/www.turkuastro.fi\/index.php\/wp-json\/wp\/v2\/pages\/65\/revisions"}],"predecessor-version":[{"id":264,"href":"https:\/\/www.turkuastro.fi\/index.php\/wp-json\/wp\/v2\/pages\/65\/revisions\/264"}],"wp:attachment":[{"href":"https:\/\/www.turkuastro.fi\/index.php\/wp-json\/wp\/v2\/media?parent=65"}],"curies":[{"name":"wp","href":"https:\/\/api.w.org\/{rel}","templated":true}]}}